{"id":1746,"date":"2018-12-11T09:30:15","date_gmt":"2018-12-11T09:30:15","guid":{"rendered":"https:\/\/www.leroi.de\/de\/?page_id=1746"},"modified":"2018-12-11T09:30:15","modified_gmt":"2018-12-11T09:30:15","slug":"datenschutzhinweise-fuer-ansprechpartner-bei-lieferanten","status":"publish","type":"page","link":"https:\/\/www.leroi.de\/de\/datenschutzhinweise-fuer-ansprechpartner-bei-lieferanten\/","title":{"rendered":"Datenschutzhinweise f\u00fcr Ansprechpartner bei Lieferanten"},"content":{"rendered":"<p>[et_pb_section fb_built=&#8220;1&#8243; _builder_version=&#8220;3.0.47&#8243;][et_pb_row _builder_version=&#8220;3.0.47&#8243; background_size=&#8220;initial&#8220; background_position=&#8220;top_left&#8220; background_repeat=&#8220;repeat&#8220;][et_pb_column type=&#8220;4_4&#8243; _builder_version=&#8220;3.0.47&#8243; parallax=&#8220;off&#8220; parallax_method=&#8220;on&#8220;][et_pb_text _builder_version=&#8220;3.4&#8243; background_size=&#8220;initial&#8220; background_position=&#8220;top_left&#8220; background_repeat=&#8220;repeat&#8220;]<\/p>\n<h1><\/h1>\n<h1>Datenschutzhinweise f\u00fcr Ansprechpartner bei Lieferanten<\/h1>\n<p>&nbsp;<\/p>\n<p>Wir nehmen den Schutz Ihrer pers\u00f6nlichen Daten sehr ernst. Wir behandeln Ihre personenbezogenen Daten stets vertraulich und entsprechend der gesetzlichen Datenschutzvorschriften. Daher m\u00f6chten wir Sie an dieser Stelle dar\u00fcber informieren, warum wir bestimmte Daten von Ihnen erheben, nutzen und verarbeiten und welche Rechte Ihnen zustehen.<\/p>\n<p>&nbsp;<\/p>\n<p><strong><strong>1. Wer ist f\u00fcr die Datenverarbeitung verantwortlich und an wen kann ich mich wenden?<\/strong><\/strong><\/p>\n<p>Verantwortliche Stelle ist:<\/p>\n<p>Leroi GmbH<br \/>\nAm Schneckenhof 9<br \/>\n74626 Bretzfeld-Geddelsbach<br \/>\nTelefon: 07945-91150<br \/>\nE-Mail: info@leroi.de<\/p>\n<p>Sie erreichen unseren betrieblichen Datenschutzbeauftragten unter:<\/p>\n<p>Dr. Andreas Melzer<br \/>\nkelobit IT-Experts GmbH<br \/>\nTel: 0345 132533-80<br \/>\nE-Mail: <a href=\"mailto:dsb@kelobit.de\">dsb@kelobit.de<\/a><\/p>\n<p><strong>2. Zwecke und Rechtsgrundlagen der Datenverarbeitung<\/strong><\/p>\n<p>(1) Sie wurden uns oder haben sich selbst als Ansprechpartner im Rahmen einer Lieferantenbeziehung Ihres Unternehmens mit uns benannt oder Ihr Unternehmen ist mit Ihnen als Ansprechpartner als Interessent an unserem Unternehmen bzw. unseren Produkten in Erscheinung getreten. Daher erheben, nutzen und verarbeiten wir von Ihnen als unserem Ansprechpartner folgende Daten: Name und Vorname, Firmenzugeh\u00f6rigkeit und Firmenadresse sowie in der Regel zwei Kontaktm\u00f6glichkeiten in Ihrem Unternehmen (z.B. Telefonnummer und E-Mail-Adresse).<\/p>\n<p>Diese Daten sind f\u00fcr die Vorbereitung und Erf\u00fcllung von Vertragsverh\u00e4ltnissen sowie zur Herstellung und Aufrechterhaltung der gesch\u00e4ftlichen Kommunikation, wozu auch die Zusendung von z.B. Newslettern z\u00e4hlt, erforderlich und d\u00fcrfen daher verarbeitet werden. Grundlage f\u00fcr die Datenverarbeitung ist Art. 6 Abs. 1 lit. b DSGVO, der die Verarbeitung von personenbezogenen Daten zur Erf\u00fcllung eines Vertrags oder vorvertraglicher Ma\u00dfnahmen gestattet. Ohne die Bereitstellung der oben genannten Daten ist es nicht m\u00f6glich, ein Vertragsverh\u00e4ltnis zu begr\u00fcnden.<\/p>\n<p>Sofern Sie als betroffene Person nicht gleichzeitig auch unsere Vertragspartei sind, erfassen, speichern und nutzen wir die o.g. Daten f\u00fcr die gleichen Zwecke auf der Grundlage von Art. 6 Abs. 1 lit. f. Unser berechtigtes Interesse besteht dabei in der Sicherstellung einer effektiven gegenseitigen gesch\u00e4ftlichen Kommunikation.<\/p>\n<p>Sofern Sie die Zusendung von Newslettern etc. nicht w\u00fcnschen, k\u00f6nnen Sie von Ihrem Widerspruchsrecht Gebrauch machen und uns dies formlos per E-Mail oder Post mitteilen. Die Rechtm\u00e4\u00dfigkeit der bis zum Widerspruch erfolgten Nutzung Ihrer Daten bleibt vom Widerspruch unber\u00fchrt.<\/p>\n<p>(2) Weiterhin k\u00f6nnen Sie uns freiwillig die Einwilligung zur Erhebung, Nutzung und Verarbeitung der folgenden Daten erteilen: Anrede, Titel, Abteilung und weitere Kontaktm\u00f6glichkeiten. Diese Daten dienen uns ausschlie\u00dflich zur Vereinfachung und besseren Ausgestaltung der Kommunikation zwischen Ihnen und uns.<\/p>\n<p>Grundlage f\u00fcr die Datenverarbeitung ist Art. 6 Abs. 1 lit. a DSGVO, der die Verarbeitung von Daten beim Vorliegen einer Einwilligung gestattet. Diese Einwilligung k\u00f6nnen Sie jederzeit ohne Angabe von Gr\u00fcnden mit Wirkung f\u00fcr die Zukunft ab\u00e4ndern bzw. ganz oder teilweise widerrufen. Dazu ist eine formlose Mitteilung per E-Mail oder Post an uns ausreichend. Die Rechtm\u00e4\u00dfigkeit der bis zum Widerruf erfolgten Datenverarbeitungen bleibt vom Widerruf unber\u00fchrt.<\/p>\n<p>Sollten Sie sich gegen die Erteilung einer Einwilligung entscheiden oder eine bereits erteilte Einwilligung widerrufen, hat dies keinerlei Konsequenzen f\u00fcr bestehende oder sp\u00e4tere entstehende Vertr\u00e4ge, sonstige Gesch\u00e4ftskontakte oder dergleichen.<\/p>\n<p><strong>3. Geplante Dauer der Speicherung<\/strong><\/p>\n<p>Wir speichern die unter (1) genannten Daten w\u00e4hrend des \u00fcberdauernden Gesch\u00e4ftskontakts zwischen uns und Ihrem Unternehmen, wozu insbesondere das Bestehen eines Vertrags oder vorvertraglicher Ma\u00dfnahmen z\u00e4hlt. Sollte aktuell kein Vertrag bestehen oder die Laufzeit eines Vertrags enden, werden Ihre Daten nach Ablauf eines Jahres ohne Gesch\u00e4ftskontakt aus unserer Datenbank gel\u00f6scht.<\/p>\n<p>Die unter (2) genannten Daten speichern wir gemeinsam mit den Daten aus (1) w\u00e4hrend des \u00fcberdauernden Gesch\u00e4ftskontakts zwischen uns und Ihrem Unternehmen bzw. maximal f\u00fcr die Dauer eines Jahres ohne Gesch\u00e4ftskontakt. Sofern Sie w\u00e4hrend dieser Zeit von Ihrem Widerrufsrecht Gebrauch machen, werden diese Daten umgehend nach Erhalt des Widerrufs gel\u00f6scht bzw. vernichtet.<\/p>\n<p>Dar\u00fcber hinaus sind wird im Rahmen bestehender gesetzlicher Regelungen dazu verpflichtet, einige Daten f\u00fcr einen l\u00e4ngeren Zeitraum vorzuhalten. Dies betrifft einen Zeitraum von i.d.R. zehn Jahren. Nach Ablauf der gesetzlichen Aufbewahrungsfristen werden alle noch bestehenden Daten umgehend sicher gel\u00f6scht bzw. vernichtet.<\/p>\n<p><strong>4. <\/strong><strong>\u00dcbermittlung an Dritte<\/strong><\/p>\n<p>Im Rahmen der Verarbeitung Ihrer Auftr\u00e4ge an uns \u00fcbermitteln wir die folgenden Daten an unsere entsprechenden Lieferanten, Hersteller oder Distributoren, die ihren Sitz in Deutschland, dem europ\u00e4ischen Ausland bzw. dem europ\u00e4ischen Wirtschaftsraum haben: Name, ggf. Vorname, Firmenadresse und Firmenkontaktdaten.<\/p>\n<p>Unter Umst\u00e4nden m\u00fcssen wir im Rahmen unserer gesetzlichen Verpflichtungen Ihre Daten gegen\u00fcber den entsprechend berechtigten Stellen offenlegen.<\/p>\n<p>Weitere \u00dcbermittlungen an Dritte finden nicht statt und sind nicht geplant.<\/p>\n<p><strong>5. Ihre Rechte<\/strong><\/p>\n<p>Jede betroffene Person hat das Recht auf Auskunft nach Artikel 15 DSGVO, das Recht auf Berichtigung nach Artikel 16 DSGVO, das Recht auf L\u00f6schung nach Artikel 17 DSGVO, das Recht auf Einschr\u00e4nkung der Verarbeitung nach Artikel 18 DSGVO, das Recht auf Widerspruch aus Artikel 21 DSGVO sowie das Recht auf Daten\u00fcbertragbarkeit aus Artikel 20 DSGVO. Beim Auskunftsrecht und beim L\u00f6schungsrecht gelten die Einschr\u00e4nkungen nach \u00a7\u00a7 34 und 35 BDSG.<\/p>\n<p>Eine erteilte Einwilligung in die Verarbeitung personenbezogener Daten k\u00f6nnen Sie jederzeit uns gegen\u00fcber widerrufen. Dies gilt auch f\u00fcr den Widerruf von Einwilligungserkl\u00e4rungen, die vor der Geltung der Datenschutzgrundverordnung, also vor dem 25. Mai 2018, uns gegen\u00fcber erteilt worden sind. Bitte beachten Sie, dass der Widerruf erst f\u00fcr die Zukunft wirkt. Verarbeitungen, die vor dem Widerruf erfolgt sind, sind davon nicht betroffen.<\/p>\n<p>Dar\u00fcber hinaus besteht ein Beschwerderecht bei der f\u00fcr datenschutzrechtliche Fragen zust\u00e4ndigen Aufsichtsbeh\u00f6rde an Ihrem Wohn- bzw. Arbeitsort (Artikel 77 DSGVO). Eine Liste der Aufsichtsbeh\u00f6rden sowie deren Kontaktdaten k\u00f6nnen folgendem Link entnommen werden:<\/p>\n<p><a href=\"https:\/\/www.bfdi.bund.de\/DE\/Infothek\/Anschriften_Links\/anschriften_links-node.html\">https:\/\/www.bfdi.bund.de\/DE\/Infothek\/Anschriften_Links\/anschriften_links-node.html<\/a><\/p>\n<p>&nbsp;<\/p>\n<p>[\/et_pb_text][\/et_pb_column][\/et_pb_row][\/et_pb_section]<\/p>\n","protected":false},"excerpt":{"rendered":"<p>[et_pb_section fb_built=&#8220;1&#8243; _builder_version=&#8220;3.0.47&#8243;][et_pb_row _builder_version=&#8220;3.0.47&#8243; background_size=&#8220;initial&#8220; background_position=&#8220;top_left&#8220; background_repeat=&#8220;repeat&#8220;][et_pb_column type=&#8220;4_4&#8243; _builder_version=&#8220;3.0.47&#8243; parallax=&#8220;off&#8220; parallax_method=&#8220;on&#8220;][et_pb_text _builder_version=&#8220;3.4&#8243; background_size=&#8220;initial&#8220; background_position=&#8220;top_left&#8220; background_repeat=&#8220;repeat&#8220;] Datenschutzhinweise f\u00fcr Ansprechpartner bei Lieferanten &nbsp; Wir nehmen den Schutz Ihrer pers\u00f6nlichen Daten sehr ernst. Wir behandeln Ihre personenbezogenen Daten stets vertraulich und entsprechend der gesetzlichen Datenschutzvorschriften. Daher m\u00f6chten wir Sie an dieser Stelle dar\u00fcber informieren, warum wir bestimmte Daten [&hellip;]<\/p>\n","protected":false},"author":1,"featured_media":0,"parent":0,"menu_order":0,"comment_status":"closed","ping_status":"closed","template":"","meta":{"footnotes":""},"class_list":["post-1746","page","type-page","status-publish","hentry"],"_links":{"self":[{"href":"https:\/\/www.leroi.de\/de\/wp-json\/wp\/v2\/pages\/1746","targetHints":{"allow":["GET"]}}],"collection":[{"href":"https:\/\/www.leroi.de\/de\/wp-json\/wp\/v2\/pages"}],"about":[{"href":"https:\/\/www.leroi.de\/de\/wp-json\/wp\/v2\/types\/page"}],"author":[{"embeddable":true,"href":"https:\/\/www.leroi.de\/de\/wp-json\/wp\/v2\/users\/1"}],"replies":[{"embeddable":true,"href":"https:\/\/www.leroi.de\/de\/wp-json\/wp\/v2\/comments?post=1746"}],"version-history":[{"count":3,"href":"https:\/\/www.leroi.de\/de\/wp-json\/wp\/v2\/pages\/1746\/revisions"}],"predecessor-version":[{"id":1749,"href":"https:\/\/www.leroi.de\/de\/wp-json\/wp\/v2\/pages\/1746\/revisions\/1749"}],"wp:attachment":[{"href":"https:\/\/www.leroi.de\/de\/wp-json\/wp\/v2\/media?parent=1746"}],"curies":[{"name":"wp","href":"https:\/\/api.w.org\/{rel}","templated":true}]}}